{"id":8674,"date":"2024-11-10T19:54:46","date_gmt":"2024-11-10T22:54:46","guid":{"rendered":"https:\/\/driveness.com.br\/?page_id=8674"},"modified":"2026-02-20T21:38:58","modified_gmt":"2026-02-21T00:38:58","slug":"pagina-de-login-redefinir-senha","status":"publish","type":"page","link":"https:\/\/driveness.com.br\/en\/pagina-de-login-redefinir-senha\/","title":{"rendered":"\u00c1rea Exclusiva Assinantes &#8211; Redefinir Senha"},"content":{"rendered":"<div data-elementor-type=\"wp-page\" data-elementor-id=\"8674\" class=\"elementor elementor-8674\" data-elementor-post-type=\"page\">\n\t\t\t\t<div class=\"elementor-element elementor-element-2f1cfb6 elementor-hidden-desktop elementor-hidden-tablet_extra elementor-hidden-tablet e-flex e-con-boxed e-con e-parent\" data-id=\"2f1cfb6\" data-element_type=\"container\" data-e-type=\"container\" data-settings=\"{&quot;background_background&quot;:&quot;classic&quot;}\">\n\t\t\t\t\t<div class=\"e-con-inner\">\n\t\t<div class=\"elementor-element elementor-element-1f47c0e e-con-full e-flex e-con e-child\" data-id=\"1f47c0e\" data-element_type=\"container\" data-e-type=\"container\">\n\t\t<div class=\"elementor-element elementor-element-63f3e11 e-con-full e-grid e-con e-child\" data-id=\"63f3e11\" data-element_type=\"container\" data-e-type=\"container\" data-settings=\"{&quot;background_background&quot;:&quot;classic&quot;}\">\n\t\t<div class=\"elementor-element elementor-element-00227e7 e-con-full e-flex e-con e-child\" data-id=\"00227e7\" data-element_type=\"container\" data-e-type=\"container\">\n\t\t\t\t<div class=\"elementor-element elementor-element-cbbe91a elementor-widget__width-initial elementor-widget elementor-widget-image\" data-id=\"cbbe91a\" data-element_type=\"widget\" data-e-type=\"widget\" data-widget_type=\"image.default\">\n\t\t\t\t<div class=\"elementor-widget-container\">\n\t\t\t\t\t\t\t\t\t\t\t\t\t\t\t<img fetchpriority=\"high\" decoding=\"async\" width=\"791\" height=\"568\" src=\"https:\/\/driveness.com.br\/wp-content\/uploads\/2026\/02\/redefinir-senha-mobile.png\" class=\"attachment-large size-large wp-image-18080\" alt=\"\" srcset=\"https:\/\/driveness.com.br\/wp-content\/uploads\/2026\/02\/redefinir-senha-mobile.png 791w, https:\/\/driveness.com.br\/wp-content\/uploads\/2026\/02\/redefinir-senha-mobile-300x215.png 300w, https:\/\/driveness.com.br\/wp-content\/uploads\/2026\/02\/redefinir-senha-mobile-768x551.png 768w\" sizes=\"(max-width: 791px) 100vw, 791px\" \/>\t\t\t\t\t\t\t\t\t\t\t\t\t\t\t<\/div>\n\t\t\t\t<\/div>\n\t\t\t\t<\/div>\n\t\t<div class=\"elementor-element elementor-element-e6373c5 e-con-full e-flex e-con e-child\" data-id=\"e6373c5\" data-element_type=\"container\" data-e-type=\"container\" data-settings=\"{&quot;background_background&quot;:&quot;classic&quot;}\">\n\t\t\t\t<div class=\"elementor-element elementor-element-268ac93 elementor-widget elementor-widget-heading\" data-id=\"268ac93\" data-element_type=\"widget\" data-e-type=\"widget\" data-widget_type=\"heading.default\">\n\t\t\t\t<div class=\"elementor-widget-container\">\n\t\t\t\t\t<h2 class=\"elementor-heading-title elementor-size-default\">Redefinir Senha<\/h2>\t\t\t\t<\/div>\n\t\t\t\t<\/div>\n\t\t\t\t<div class=\"elementor-element elementor-element-498fcde elementor-widget__width-initial elementor-widget elementor-widget-jet-reset\" data-id=\"498fcde\" data-element_type=\"widget\" data-e-type=\"widget\" data-widget_type=\"jet-reset.default\">\n\t\t\t\t<div class=\"elementor-widget-container\">\n\t\t\t\t\t\n<div class=\"jet-reset\">\n\n\t\n\t\n\t<form id=\"lostpasswordform\" class=\"jet-reset__form\" name=\"lostpasswordform\" method=\"post\" action=\"\">\n\n\t\t\n\t\t\n\t\t\t<div class=\"jet-reset__form-text\">\n\t\t\t\t<p>Para continuar, insira o endere\u00e7o de e-mail cadastrado com a sua conta Driveness. Voc\u00ea receber\u00e1 um link  para criar uma nova senha de acesso.<\/p>\n\t\t\t<\/div>\n\n\t\t\n\t\t<p class=\"jet_reset__user-info\">\n\n\t\t\t<label for=\"jet_reset_user_info\">Digite abaixo seu e-mail cadastrado:<\/label>\n\t\t\t<input class=\"input\" type=\"text\" name=\"jet_reset_user_info\" id=\"jet_reset_user_info\">\n\n\t\t<\/p>\n\n\t\t<div class=\"jet-reset__submit\">\n\n\t\t\t<input type=\"hidden\" id=\"jet_reset_nonce\" name=\"jet_reset_nonce\" value=\"1cf0149c5b\" \/><input type=\"hidden\" name=\"_wp_http_referer\" value=\"\/en\/wp-json\/wp\/v2\/pages\/8674\" \/>\t\t\t<input type=\"hidden\" name=\"submitted\" id=\"submitted\" value=\"true\">\n\t\t\t<input type=\"hidden\" name=\"jet_reset_action\" id=\"jet_reset_post_action\" value=\"jet_reset_lost_pass\">\n\t\t\t<button type=\"submit\" id=\"jet-reset-pass-submit\" name=\"jet-reset-pass-submit\" class=\"button button-primary jet-reset__button\">Redefinir Senha<\/button>\n\n\t\t<\/div>\n\n\t<input type=\"hidden\" name=\"trp-form-language\" value=\"en\"\/><\/form>\n\n\t\n<\/div>\t\t\t\t<\/div>\n\t\t\t\t<\/div>\n\t\t\t\t<\/div>\n\t\t\t\t<\/div>\n\t\t\t\t<\/div>\n\t\t\t\t\t<\/div>\n\t\t\t\t<\/div>\n\t\t<div class=\"elementor-element elementor-element-39c4e77 elementor-hidden-mobile e-flex e-con-boxed e-con e-parent\" data-id=\"39c4e77\" data-element_type=\"container\" data-e-type=\"container\" data-settings=\"{&quot;background_background&quot;:&quot;classic&quot;}\">\n\t\t\t\t\t<div class=\"e-con-inner\">\n\t\t<div class=\"elementor-element elementor-element-f47da4c e-con-full e-flex e-con e-child\" data-id=\"f47da4c\" data-element_type=\"container\" data-e-type=\"container\">\n\t\t<div class=\"elementor-element elementor-element-3da1570 e-con-full e-grid e-con e-child\" data-id=\"3da1570\" data-element_type=\"container\" data-e-type=\"container\" data-settings=\"{&quot;background_background&quot;:&quot;classic&quot;}\">\n\t\t<div class=\"elementor-element elementor-element-779a8ca e-con-full e-flex e-con e-child\" data-id=\"779a8ca\" data-element_type=\"container\" data-e-type=\"container\">\n\t\t\t\t<div class=\"elementor-element elementor-element-56f3cbc elementor-widget__width-initial elementor-widget elementor-widget-image\" data-id=\"56f3cbc\" data-element_type=\"widget\" data-e-type=\"widget\" data-widget_type=\"image.default\">\n\t\t\t\t<div class=\"elementor-widget-container\">\n\t\t\t\t\t\t\t\t\t\t\t\t\t\t\t<img decoding=\"async\" width=\"774\" height=\"1024\" src=\"https:\/\/driveness.com.br\/wp-content\/uploads\/2026\/02\/redefinir-senha-774x1024.png\" class=\"attachment-large size-large wp-image-18079\" alt=\"\" srcset=\"https:\/\/driveness.com.br\/wp-content\/uploads\/2026\/02\/redefinir-senha-774x1024.png 774w, https:\/\/driveness.com.br\/wp-content\/uploads\/2026\/02\/redefinir-senha-227x300.png 227w, https:\/\/driveness.com.br\/wp-content\/uploads\/2026\/02\/redefinir-senha-768x1016.png 768w, https:\/\/driveness.com.br\/wp-content\/uploads\/2026\/02\/redefinir-senha.png 791w\" sizes=\"(max-width: 774px) 100vw, 774px\" \/>\t\t\t\t\t\t\t\t\t\t\t\t\t\t\t<\/div>\n\t\t\t\t<\/div>\n\t\t\t\t<\/div>\n\t\t<div class=\"elementor-element elementor-element-88bc954 e-con-full e-flex e-con e-child\" data-id=\"88bc954\" data-element_type=\"container\" data-e-type=\"container\" data-settings=\"{&quot;background_background&quot;:&quot;classic&quot;}\">\n\t\t\t\t<div class=\"elementor-element elementor-element-cf2026b elementor-widget elementor-widget-heading\" data-id=\"cf2026b\" data-element_type=\"widget\" data-e-type=\"widget\" data-widget_type=\"heading.default\">\n\t\t\t\t<div class=\"elementor-widget-container\">\n\t\t\t\t\t<h2 class=\"elementor-heading-title elementor-size-default\">Redefinir Senha<\/h2>\t\t\t\t<\/div>\n\t\t\t\t<\/div>\n\t\t\t\t<div class=\"elementor-element elementor-element-860c613 elementor-widget__width-initial elementor-widget elementor-widget-jet-reset\" data-id=\"860c613\" data-element_type=\"widget\" data-e-type=\"widget\" data-widget_type=\"jet-reset.default\">\n\t\t\t\t<div class=\"elementor-widget-container\">\n\t\t\t\t\t\n<div class=\"jet-reset\">\n\n\t\n\t\n\t<form id=\"lostpasswordform\" class=\"jet-reset__form\" name=\"lostpasswordform\" method=\"post\" action=\"\">\n\n\t\t\n\t\t\n\t\t\t<div class=\"jet-reset__form-text\">\n\t\t\t\t<p>Para continuar, insira o endere\u00e7o de e-mail cadastrado com a sua conta Driveness. Voc\u00ea receber\u00e1 um link  para criar uma nova senha de acesso.<\/p>\n\t\t\t<\/div>\n\n\t\t\n\t\t<p class=\"jet_reset__user-info\">\n\n\t\t\t<label for=\"jet_reset_user_info\">Digite abaixo seu e-mail cadastrado:<\/label>\n\t\t\t<input class=\"input\" type=\"text\" name=\"jet_reset_user_info\" id=\"jet_reset_user_info\">\n\n\t\t<\/p>\n\n\t\t<div class=\"jet-reset__submit\">\n\n\t\t\t<input type=\"hidden\" id=\"jet_reset_nonce\" name=\"jet_reset_nonce\" value=\"1cf0149c5b\" \/><input type=\"hidden\" name=\"_wp_http_referer\" value=\"\/en\/wp-json\/wp\/v2\/pages\/8674\" \/>\t\t\t<input type=\"hidden\" name=\"submitted\" id=\"submitted\" value=\"true\">\n\t\t\t<input type=\"hidden\" name=\"jet_reset_action\" id=\"jet_reset_post_action\" value=\"jet_reset_lost_pass\">\n\t\t\t<button type=\"submit\" id=\"jet-reset-pass-submit\" name=\"jet-reset-pass-submit\" class=\"button button-primary jet-reset__button\">Redefinir Senha<\/button>\n\n\t\t<\/div>\n\n\t<input type=\"hidden\" name=\"trp-form-language\" value=\"en\"\/><\/form>\n\n\t\n<\/div>\t\t\t\t<\/div>\n\t\t\t\t<\/div>\n\t\t\t\t<\/div>\n\t\t\t\t<\/div>\n\t\t\t\t<\/div>\n\t\t\t\t\t<\/div>\n\t\t\t\t<\/div>\n\t\t\t\t<\/div>","protected":false},"excerpt":{"rendered":"<p>Redefinir Senha Para continuar, insira o endere\u00e7o de e-mail cadastrado com a sua conta Driveness. Voc\u00ea receber\u00e1 um link para criar uma nova senha de acesso. Digite abaixo seu e-mail cadastrado: Redefinir Senha Redefinir Senha Para continuar, insira o endere\u00e7o de e-mail cadastrado com a sua conta Driveness. Voc\u00ea receber\u00e1 um link para criar uma [&hellip;]<\/p>\n","protected":false},"author":2,"featured_media":0,"parent":0,"menu_order":0,"comment_status":"closed","ping_status":"closed","template":"elementor_header_footer","meta":{"iawp_total_views":0,"footnotes":""},"class_list":["post-8674","page","type-page","status-publish","hentry"],"_links":{"self":[{"href":"https:\/\/driveness.com.br\/en\/wp-json\/wp\/v2\/pages\/8674","targetHints":{"allow":["GET"]}}],"collection":[{"href":"https:\/\/driveness.com.br\/en\/wp-json\/wp\/v2\/pages"}],"about":[{"href":"https:\/\/driveness.com.br\/en\/wp-json\/wp\/v2\/types\/page"}],"author":[{"embeddable":true,"href":"https:\/\/driveness.com.br\/en\/wp-json\/wp\/v2\/users\/2"}],"replies":[{"embeddable":true,"href":"https:\/\/driveness.com.br\/en\/wp-json\/wp\/v2\/comments?post=8674"}],"version-history":[{"count":2,"href":"https:\/\/driveness.com.br\/en\/wp-json\/wp\/v2\/pages\/8674\/revisions"}],"predecessor-version":[{"id":19085,"href":"https:\/\/driveness.com.br\/en\/wp-json\/wp\/v2\/pages\/8674\/revisions\/19085"}],"wp:attachment":[{"href":"https:\/\/driveness.com.br\/en\/wp-json\/wp\/v2\/media?parent=8674"}],"curies":[{"name":"wp","href":"https:\/\/api.w.org\/{rel}","templated":true}]}}